{"id":6,"date":"2009-02-04T15:38:59","date_gmt":"2009-02-04T20:38:59","guid":{"rendered":"http:\/\/blogue.uqam.ca\/mbaagora\/a-propos-2\/"},"modified":"2015-11-25T10:20:47","modified_gmt":"2015-11-25T10:20:47","slug":"a-propos-2","status":"publish","type":"page","link":"https:\/\/blogue.uqam.ca\/mbaagora\/a-propos-2\/","title":{"rendered":"\u00c0 propos"},"content":{"rendered":"<div class=\"entry\">\n<p><!--more-->\u201cEn <a title=\"Gr\u00e8ce antique\" href=\"http:\/\/fr.wikipedia.org\/wiki\/Gr%C3%A8ce_antique\">Gr\u00e8ce antique<\/a>, l\u2019<strong>Agora<\/strong> d\u00e9signe le lieu de rassemblement [&#8230;] la place des institutions d\u00e9mocratiques.\u201d (Source: Wikip\u00e9dia)<\/p>\n<p style=\"text-align: center\">*****<\/p>\n<p>L\u2019Agora du MBA inc. est avant tout un carrefour donnant acc\u00e8s \u00e0 des blogues d\u2019int\u00e9r\u00eat pour les \u00e9tudiants, les professeurs, les dipl\u00f4m\u00e9s et les partenaires du programme de MBA pour cadres de l\u2019ESG UQAM. Si vous \u00eates moins familier avec le programme, c\u2019est le lieu par excellence pour observer le dynamisme de la communaut\u00e9 du MBA et d\u00e9couvrir les diff\u00e9rentes facettes du programme.<\/p>\n<p>L\u2019Agora du MBA inc. est la plaque tournante d\u2019un site multifonctionnel o\u00f9 se concr\u00e9tise l\u2019intelligence de faire des liens certes d\u2019information, mais surtout de projets collaboratifs porteurs de distinction mondiale.<\/p>\n<p>Nous vous invitons \u00e0 visiter \u00e9galement le site Web du programme \u00e0 l\u2019adresse suivante : <a href=\"http:\/\/www.mba.esg.uqam.ca\/\" target=\"_blank\">www.mba.esg.uqam.ca<\/a><\/p>\n<p>Bienvenue dans la communaut\u00e9 du MBA de l\u2019ESG UQAM et bonne navigation!<\/p>\n<p><!--more--><strong>Politique \u00e9ditoriale<\/strong><br \/>\nLes commentaires publi\u00e9s ne refl\u00e8tent pas l\u2019opinion de la direction du programme du MBA, de l\u2019ESG ou de l\u2019UQAM et n\u2019engagent que leurs auteurs.<\/p>\n<p>Les \u00e9diteurs se r\u00e9servent le droit de publier ou non les commentaires. Les commentaires doivent \u00eatre le fait d&rsquo;individus qui prennent la parole en leur nom propre. Les \u00e9diteurs ne publient pas les commentaires diffamatoires ou qui font usage d\u2019un langage vulgaire ou abusif, pas plus que les commentaires incluant des attaques personnelles ou des all\u00e9gations fausses ou non fond\u00e9es.<\/p>\n<p>Tous ceux qui souhaitent voir leurs commentaires publi\u00e9s doivent fournir leur pr\u00e9nom, leur nom de famille et leur adresse de courriel.<\/p>\n<p>Les erreurs de grammaire et de syntaxe ne sont pas corrig\u00e9es.<\/p>\n<\/div>\n","protected":false},"excerpt":{"rendered":"","protected":false},"author":1,"featured_media":0,"parent":0,"menu_order":0,"comment_status":"open","ping_status":"open","template":"","meta":[],"_links":{"self":[{"href":"https:\/\/blogue.uqam.ca\/mbaagora\/wp-json\/wp\/v2\/pages\/6"}],"collection":[{"href":"https:\/\/blogue.uqam.ca\/mbaagora\/wp-json\/wp\/v2\/pages"}],"about":[{"href":"https:\/\/blogue.uqam.ca\/mbaagora\/wp-json\/wp\/v2\/types\/page"}],"author":[{"embeddable":true,"href":"https:\/\/blogue.uqam.ca\/mbaagora\/wp-json\/wp\/v2\/users\/1"}],"replies":[{"embeddable":true,"href":"https:\/\/blogue.uqam.ca\/mbaagora\/wp-json\/wp\/v2\/comments?post=6"}],"version-history":[{"count":1,"href":"https:\/\/blogue.uqam.ca\/mbaagora\/wp-json\/wp\/v2\/pages\/6\/revisions"}],"predecessor-version":[{"id":63,"href":"https:\/\/blogue.uqam.ca\/mbaagora\/wp-json\/wp\/v2\/pages\/6\/revisions\/63"}],"wp:attachment":[{"href":"https:\/\/blogue.uqam.ca\/mbaagora\/wp-json\/wp\/v2\/media?parent=6"}],"curies":[{"name":"wp","href":"https:\/\/api.w.org\/{rel}","templated":true}]}}