{"id":22,"date":"2009-02-19T08:34:32","date_gmt":"2009-02-19T13:34:32","guid":{"rendered":"http:\/\/blogue.uqam.ca\/mbanoticias\/?page_id=22"},"modified":"2009-02-19T08:34:32","modified_gmt":"2009-02-19T13:34:32","slug":"a-proposito-de-nuestro-blog","status":"publish","type":"page","link":"https:\/\/blogue.uqam.ca\/mbanoticias\/a-proposito-de-nuestro-blog\/","title":{"rendered":"A prop\u00f3sito"},"content":{"rendered":"<p>\u201cEn griego antiguo, el <strong>\u00c1gora<\/strong> designa el lugar reuni\u00f3n o encuentro [&#8230;] la plaza de las instituciones democr\u00e1ticas\u201d (Fuente: Wikipedia)<\/p>\n<p style=\"text-align: center\">*****<\/p>\n<p>El\u00a0<strong>\u00c1gora<\/strong><strong> du MBA inc.<\/strong> es ante todo un cruce o Carrefour que da el acceso a los blogs de inter\u00e9s para los estudiantes, los profesores, los graduados y los Socios del programa de MBA para Ejecutivos, E.MBA de la Escuela de ciencias de la gesti\u00f3n,\u00a0 ESG UQAM. Si usted no est\u00e1 tan familiarizado con el programa, este es el lugar por excelencia para observar el dinamismo de la comunidad del E.MBA y descubrir las diferentes facetas del programa.<\/p>\n<p>El\u00a0<strong>\u00c1gora<\/strong><strong> du MBA inc.<\/strong> es la placa giratoria de un sitio multifuncional donde se concretiza la inteligencia de establecer lazos ciertos de informaci\u00f3n, pero sobre todo de proyectos de colaboraci\u00f3n que tienen distinci\u00f3n mundial.<\/p>\n<p><span>Nosotros lo invitamos a visitar igualmente el sitio Web de nuestro programa en la direcci\u00f3n siguiente: <\/span><a href=\"http:\/\/www.mba.esg.uqam.ca\/\" target=\"_blank\">www.mba.esg.uqam.ca<\/a><\/p>\n<p>Le deseamos la m\u00e1s cordial bienvenida a la comunidad del E.MBA de la ESG UQAM y que tenga una buena navegaci\u00f3n Internet con nosotros!<\/p>\n<p><strong>Pol\u00edtica editorial<\/strong><\/p>\n<p>Los comentarios publicados no reflejan la opini\u00f3n de la direcci\u00f3n del programa del E.MBA, de la ESG o de la UQAM y como tal solo comprometen a sus autores.<\/p>\n<p>Los editores se reservan el derecho de publicar o no los comentarios. Los comentarios deben ser hechos por individuos que toman el uso de la palabra en su propio nombre. Los editores no publicar\u00e1n los comentarios difamatorios o que hagan uso de un lenguaje vulgar o abusivo, as\u00ed como tampoco los comentarios que incluyan ataques personales o alegaciones falsas o no fundadas.<\/p>\n<p>Todos aquellos que deseen ver publicados sus comentarios deber\u00e1n suministrar sus nombres, apellidos y direcci\u00f3n de e-mail.<\/p>\n<p>Los errores de gram\u00e1tica o de sintaxis no ser\u00e1n corregidos.<\/p>\n","protected":false},"excerpt":{"rendered":"<p>\u201cEn griego antiguo, el \u00c1gora designa el lugar reuni\u00f3n o encuentro [&#8230;] la plaza de las instituciones democr\u00e1ticas\u201d (Fuente: Wikipedia) ***** El\u00a0\u00c1gora du MBA inc. es ante todo un cruce o Carrefour que da el acceso a los blogs de inter\u00e9s para los estudiantes, los profesores, los graduados y los Socios del programa de MBA [&hellip;]<\/p>\n","protected":false},"author":11,"featured_media":0,"parent":0,"menu_order":0,"comment_status":"open","ping_status":"open","template":"","meta":[],"_links":{"self":[{"href":"https:\/\/blogue.uqam.ca\/mbanoticias\/wp-json\/wp\/v2\/pages\/22"}],"collection":[{"href":"https:\/\/blogue.uqam.ca\/mbanoticias\/wp-json\/wp\/v2\/pages"}],"about":[{"href":"https:\/\/blogue.uqam.ca\/mbanoticias\/wp-json\/wp\/v2\/types\/page"}],"author":[{"embeddable":true,"href":"https:\/\/blogue.uqam.ca\/mbanoticias\/wp-json\/wp\/v2\/users\/11"}],"replies":[{"embeddable":true,"href":"https:\/\/blogue.uqam.ca\/mbanoticias\/wp-json\/wp\/v2\/comments?post=22"}],"version-history":[{"count":0,"href":"https:\/\/blogue.uqam.ca\/mbanoticias\/wp-json\/wp\/v2\/pages\/22\/revisions"}],"wp:attachment":[{"href":"https:\/\/blogue.uqam.ca\/mbanoticias\/wp-json\/wp\/v2\/media?parent=22"}],"curies":[{"name":"wp","href":"https:\/\/api.w.org\/{rel}","templated":true}]}}