{"id":111,"date":"2009-02-04T15:39:52","date_gmt":"2009-02-04T20:39:52","guid":{"rendered":"http:\/\/blogue.uqam.ca\/mbanouvelles\/a-propos-2\/"},"modified":"2009-02-04T15:39:52","modified_gmt":"2009-02-04T20:39:52","slug":"a-propos-2","status":"publish","type":"page","link":"https:\/\/blogue.uqam.ca\/mbanouvelles\/a-propos-2\/","title":{"rendered":"\u00c0 propos"},"content":{"rendered":"<p>Le blogue \u00ab\u00a0Nouvelles du MBA inc.\u00a0\u00bb s&rsquo;adresse aux \u00e9tudiants et aux dipl\u00f4m\u00e9s du programme de MBA pour cadres de l&rsquo;ESG UQAM au Qu\u00e9bec, en France et en Afrique francophone.<\/p>\n<p>L&rsquo;\u00e9quipe de gestion du programme utilise ce blogue pour diffuser des informations d&rsquo;ordre pratique, des conseils de nature acad\u00e9mique, ou tout autre renseignement qui peut \u00eatre utile au cheminement des \u00e9tudiants. C&rsquo;est \u00e9galement le lieu par excellence pour afficher les bons coups des dipl\u00f4m\u00e9s du programme et toute nouvelle d&rsquo;int\u00e9r\u00eat pour la communaut\u00e9 francophone qui gravite autour du MBA pour cadres de l&rsquo;ESG UQAM.<\/p>\n<p>Les auteurs:<\/p>\n<p>&#8211; Denis Gervais: coordonnateur du MBA pour cadres g\u00e9n\u00e9ral et des sp\u00e9cialisations;<\/p>\n<p>&#8211; Alvaro-Eduardo Rodriguez: coordonnateur du programme offert en France et en Afrique francophone;<\/p>\n<p>&#8211; Marie-Claude No\u00ebl: assistante \u00e0 la gestion du MBA pour cadres g\u00e9n\u00e9ral et des sp\u00e9cialisations.<\/p>\n","protected":false},"excerpt":{"rendered":"<p>Le blogue \u00ab\u00a0Nouvelles du MBA inc.\u00a0\u00bb s&rsquo;adresse aux \u00e9tudiants et aux dipl\u00f4m\u00e9s du programme de MBA pour cadres de l&rsquo;ESG UQAM au Qu\u00e9bec, en France et en Afrique francophone. L&rsquo;\u00e9quipe de gestion du programme utilise ce blogue pour diffuser des informations d&rsquo;ordre pratique, des conseils de nature acad\u00e9mique, ou tout autre renseignement qui peut \u00eatre [&hellip;]<\/p>\n","protected":false},"author":1,"featured_media":0,"parent":0,"menu_order":0,"comment_status":"open","ping_status":"open","template":"","meta":[],"_links":{"self":[{"href":"https:\/\/blogue.uqam.ca\/mbanouvelles\/wp-json\/wp\/v2\/pages\/111"}],"collection":[{"href":"https:\/\/blogue.uqam.ca\/mbanouvelles\/wp-json\/wp\/v2\/pages"}],"about":[{"href":"https:\/\/blogue.uqam.ca\/mbanouvelles\/wp-json\/wp\/v2\/types\/page"}],"author":[{"embeddable":true,"href":"https:\/\/blogue.uqam.ca\/mbanouvelles\/wp-json\/wp\/v2\/users\/1"}],"replies":[{"embeddable":true,"href":"https:\/\/blogue.uqam.ca\/mbanouvelles\/wp-json\/wp\/v2\/comments?post=111"}],"version-history":[{"count":0,"href":"https:\/\/blogue.uqam.ca\/mbanouvelles\/wp-json\/wp\/v2\/pages\/111\/revisions"}],"wp:attachment":[{"href":"https:\/\/blogue.uqam.ca\/mbanouvelles\/wp-json\/wp\/v2\/media?parent=111"}],"curies":[{"name":"wp","href":"https:\/\/api.w.org\/{rel}","templated":true}]}}